{"id":8178,"date":"2025-09-12T10:53:29","date_gmt":"2025-09-12T08:53:29","guid":{"rendered":"https:\/\/alfa-solution.com\/?post_type=product&#038;p=8178"},"modified":"2025-09-12T10:53:29","modified_gmt":"2025-09-12T08:53:29","slug":"aku-i%cc%87ci%cc%87n-mx-yakit-guc-besleme-si%cc%87stemi%cc%87","status":"publish","type":"product","link":"https:\/\/alfa-solution.com\/tr\/termek\/mx-fuel-hatizsakrendszer-akkumulatorhoz\/","title":{"rendered":"AK\u00dc I\u00c7IN MX FUEL\u2122 SIRT \u00c7ANTASI SISTEMI"},"content":{"rendered":"<ul class=\"ProductFeaturesTextstyles__FeatureList-sc-fxqvf2-1 gUBLmt\">\n<li class=\"ProductFeaturesTextstyles__Feature-sc-fxqvf2-3 fBfFsn\">Bataryay\u0131 s\u0131rt \u00e7antas\u0131 kay\u0131\u015f\u0131na yerle\u015ftirerek cihaz\u0131n a\u011f\u0131rl\u0131\u011f\u0131n\u0131 45%'ye kadar azalt\u0131r<\/li>\n<li class=\"ProductFeaturesTextstyles__Feature-sc-fxqvf2-3 fBfFsn\">XC ve HD ak\u00fcleri ergonomiden \u00f6d\u00fcn vermeden el aletlerinde kullanabilirsiniz<\/li>\n<li class=\"ProductFeaturesTextstyles__Feature-sc-fxqvf2-3 fBfFsn\">En y\u00fcksek performans\u0131 koruyun<\/li>\n<li class=\"ProductFeaturesTextstyles__Feature-sc-fxqvf2-3 fBfFsn\">MX FUEL\u2122 REDLITHIUM\u2122 FORGE\u2122 ak\u00fclerle iki kata kadar daha uzun \u00e7al\u0131\u015fma s\u00fcresi.<\/li>\n<li class=\"ProductFeaturesTextstyles__Feature-sc-fxqvf2-3 fBfFsn\">\u00c7\u0131kar\u0131labilir s\u0131rt \u00e7antas\u0131 ask\u0131s\u0131<\/li>\n<li class=\"ProductFeaturesTextstyles__Feature-sc-fxqvf2-3 fBfFsn\">Kolay ta\u015f\u0131ma veya asma i\u00e7in katlanabilir tutamak<\/li>\n<li class=\"ProductFeaturesTextstyles__Feature-sc-fxqvf2-3 fBfFsn\">T\u00fcm MX FUEL\u2122 ak\u00fclerle uyumludur<\/li>\n<li class=\"ProductFeaturesTextstyles__Feature-sc-fxqvf2-3 fBfFsn\">FUEL\u2122 teknolojisinin g\u00fc\u00e7l\u00fc y\u00f6nlerini temel alan MX FUEL\u2122 sistemi, kablosuz performans\u0131 yeni bir seviyeye ta\u015f\u0131yor. Benzinli, kablolu ve pn\u00f6matik g\u00fcce odaklanan bu aletler, emisyon, g\u00fcr\u00fclt\u00fc, titre\u015fim ve kapsaml\u0131 bak\u0131m s\u0131k\u0131nt\u0131s\u0131 olmadan i\u015finizi hallediyor.<\/li>\n<\/ul>","protected":false},"excerpt":{"rendered":"<p>Az eszk\u00f6z s\u00faly\u00e1t ak\u00e1r 45%-kal cs\u00f6kkenti az\u00e1ltal, hogy az akkumul\u00e1tort a h\u00e1tizs\u00e1k heveder\u00e9re helyezi Az XC \u00e9s HD akkumul\u00e1torokat k\u00e9zi szersz\u00e1mokon is haszn\u00e1lhatja ergonomiai kompromisszumok n\u00e9lk\u00fcl Fenntartja a cs\u00facsteljes\u00edtm\u00e9nyt Ak\u00e1r k\u00e9tszer hosszabb \u00fczemid\u0151 az MX FUEL\u2122 REDLITHIUM\u2122 FORGE\u2122 akkumul\u00e1torokkal. Levehet\u0151 h\u00e1tizs\u00e1k heveder \u00d6sszecsukhat\u00f3 foganty\u00fa a k\u00f6nny\u0171 sz\u00e1ll\u00edt\u00e1s vagy felakaszt\u00e1s \u00e9rdek\u00e9ben Minden MX FUEL\u2122 akkumul\u00e1torral kompatibilis [&hellip;]<\/p>\n","protected":false},"featured_media":8180,"template":"","meta":{"_seopress_robots_primary_cat":"","_seopress_titles_title":"","_seopress_titles_desc":"","_seopress_robots_index":""},"product_brand":[],"product_cat":[145],"product_tag":[],"class_list":{"0":"post-8178","1":"product","2":"type-product","3":"status-publish","4":"has-post-thumbnail","6":"product_cat-kiegeszitok","8":"first","9":"instock","10":"shipping-taxable","11":"purchasable","12":"product-type-simple"},"_links":{"self":[{"href":"https:\/\/alfa-solution.com\/tr\/wp-json\/wp\/v2\/product\/8178","targetHints":{"allow":["GET"]}}],"collection":[{"href":"https:\/\/alfa-solution.com\/tr\/wp-json\/wp\/v2\/product"}],"about":[{"href":"https:\/\/alfa-solution.com\/tr\/wp-json\/wp\/v2\/types\/product"}],"wp:featuredmedia":[{"embeddable":true,"href":"https:\/\/alfa-solution.com\/tr\/wp-json\/wp\/v2\/media\/8180"}],"wp:attachment":[{"href":"https:\/\/alfa-solution.com\/tr\/wp-json\/wp\/v2\/media?parent=8178"}],"wp:term":[{"taxonomy":"product_brand","embeddable":true,"href":"https:\/\/alfa-solution.com\/tr\/wp-json\/wp\/v2\/product_brand?post=8178"},{"taxonomy":"product_cat","embeddable":true,"href":"https:\/\/alfa-solution.com\/tr\/wp-json\/wp\/v2\/product_cat?post=8178"},{"taxonomy":"product_tag","embeddable":true,"href":"https:\/\/alfa-solution.com\/tr\/wp-json\/wp\/v2\/product_tag?post=8178"}],"curies":[{"name":"wp","href":"https:\/\/api.w.org\/{rel}","templated":true}]}}