{"id":8175,"date":"2025-09-12T10:50:27","date_gmt":"2025-09-12T08:50:27","guid":{"rendered":"https:\/\/alfa-solution.com\/?post_type=product&#038;p=8175"},"modified":"2025-09-12T10:50:28","modified_gmt":"2025-09-12T08:50:28","slug":"m18-fuel-yuksek-performansli-4-kademeli%cc%87-32-mm-sds-plus-tek-tus-fonksi%cc%87yonlu-ve-fixtec-kasali-kali%cc%87per","status":"publish","type":"product","link":"https:\/\/alfa-solution.com\/tr\/termek\/m18-fuel-nagy-teljesitmenyu-4-fokozatu-32-mm-sds-plus-kalapacs-one-key-funkcioval-es-fixtec-tokmannyal\/","title":{"rendered":"M18 FUEL\u2122 TEK TU\u015e\u2122 FONKSIYONLU VE FIXTEC\u2122 SAPLI A\u011eIR HIZMET TIPI 4 KADEMELI 32 MM SDS-PLUS \u00c7EKI\u00c7"},"content":{"rendered":"<ul class=\"ProductFeaturesTextstyles__FeatureList-sc-fxqvf2-1 gUBLmt\">\n<li class=\"ProductFeaturesTextstyles__Feature-sc-fxqvf2-3 fBfFsn\">G\u00fc\u00e7l\u00fc darbe mekanizmas\u0131, 8,46 m\/s\u00b2'lik d\u00fc\u015f\u00fck titre\u015fim seviyesinde 5,0 J (EPTA) darbe enerjisi sa\u011flar<\/li>\n<li class=\"ProductFeaturesTextstyles__Feature-sc-fxqvf2-3 fBfFsn\">M18\u2122 HIGH OUTPUT\u2122 5,5 Ah ak\u00fc ile 10 deli\u011fe kadar \u230018 x 100 mm<\/li>\n<li class=\"ProductFeaturesTextstyles__Feature-sc-fxqvf2-3 fBfFsn\">AUTOSTOP\u2122 kullan\u0131c\u0131 g\u00fcvenli\u011fi i\u00e7in alet aniden hareket ederse kapat\u0131r<\/li>\n<li class=\"ProductFeaturesTextstyles__Feature-sc-fxqvf2-3 fBfFsn\">ONE-KEY\u2122 Cihaz Takibi ve G\u00fcvenli\u011fi, cihazlar\u0131n\u0131z i\u00e7in \u00fccretsiz bir bulut tabanl\u0131 takip a\u011f\u0131 ve izleme platformu sunar. ONE-KEY\u2122 ayr\u0131ca uzaktan ara\u00e7 kilitleme i\u015flevine de sahiptir.<\/li>\n<li class=\"ProductFeaturesTextstyles__Feature-sc-fxqvf2-3 fBfFsn\">FIXTEC\u2122 sistemi - SDS-Plus ve 13 mm metal ayna aras\u0131nda anahtars\u0131z ayna de\u011fi\u015fimi<\/li>\n<li class=\"ProductFeaturesTextstyles__Feature-sc-fxqvf2-3 fBfFsn\">Tamamen metal \u015fanz\u0131man g\u00f6vdesi - optimum di\u015fli ge\u00e7i\u015fi<\/li>\n<li class=\"ProductFeaturesTextstyles__Feature-sc-fxqvf2-3 fBfFsn\">4 vitesli mod anahtar\u0131: maksimum \u00e7ok y\u00f6nl\u00fcl\u00fck i\u00e7in delme, vurma, b\u00fckme ve d\u00f6n\u00fc\u015f durdurma<\/li>\n<li class=\"ProductFeaturesTextstyles__Feature-sc-fxqvf2-3 fBfFsn\">M18 FPDDEXL elektrikli s\u00fcp\u00fcrge ile uyumlu<\/li>\n<li class=\"ProductFeaturesTextstyles__Feature-sc-fxqvf2-3 fBfFsn\">FUEL\u2122 platformumuzun DNA's\u0131 kablosuz teknolojinin dengesini yeniden tan\u0131ml\u0131yor. MILWAUKEE\u00ae POWERSTATE\u2122 f\u0131r\u00e7as\u0131z motor, REDLITHIUM\u2122 pil ve REDLINK PLUS\u2122 ak\u0131ll\u0131 elektronikler e\u015fsiz performans, \u00e7al\u0131\u015fma s\u00fcresi ve dayan\u0131kl\u0131l\u0131k sunar.<\/li>\n<li class=\"ProductFeaturesTextstyles__Feature-sc-fxqvf2-3 fBfFsn\">Esnek ak\u00fc sistemi - MILWAUKEE\u00ae M18\u2122 ak\u00fclerle \u00e7al\u0131\u015f\u0131r<\/li>\n<\/ul>","protected":false},"excerpt":{"rendered":"<p>Er\u0151teljes \u00fct\u0151mechanizmus 5,0 J (EPTA) \u00fct\u0151energi\u00e1t szolg\u00e1ltat alacsony 8,46 m\/s\u00b2 vibr\u00e1ci\u00f3 szint mellett Ak\u00e1r 10 furat \u230018 x 100 mm m\u00e9retben M18\u2122 HIGH OUTPUT\u2122 5.5 Ah akkumul\u00e1torral Az AUTOSTOP\u2122 a felhaszn\u00e1l\u00f3 biztons\u00e1ga \u00e9rdek\u00e9ben kikapcsolja a szersz\u00e1mot, ha hirtelen elmozdul A ONE-KEY\u2122 eszk\u00f6zk\u00f6vet\u00e9s \u00e9s biztons\u00e1g ingyenes, felh\u0151alap\u00fa nyomon k\u00f6vet\u00e9si h\u00e1l\u00f3zatot \u00e9s fel\u00fcgyeleti platformot k\u00edn\u00e1l eszk\u00f6zeihez. A [&hellip;]<\/p>\n","protected":false},"featured_media":8177,"template":"","meta":{"_seopress_robots_primary_cat":"","_seopress_titles_title":"","_seopress_titles_desc":"","_seopress_robots_index":""},"product_brand":[],"product_cat":[144],"product_tag":[],"class_list":{"0":"post-8175","1":"product","2":"type-product","3":"status-publish","4":"has-post-thumbnail","6":"product_cat-szerszamok","8":"first","9":"instock","10":"shipping-taxable","11":"purchasable","12":"product-type-simple"},"_links":{"self":[{"href":"https:\/\/alfa-solution.com\/tr\/wp-json\/wp\/v2\/product\/8175","targetHints":{"allow":["GET"]}}],"collection":[{"href":"https:\/\/alfa-solution.com\/tr\/wp-json\/wp\/v2\/product"}],"about":[{"href":"https:\/\/alfa-solution.com\/tr\/wp-json\/wp\/v2\/types\/product"}],"wp:featuredmedia":[{"embeddable":true,"href":"https:\/\/alfa-solution.com\/tr\/wp-json\/wp\/v2\/media\/8177"}],"wp:attachment":[{"href":"https:\/\/alfa-solution.com\/tr\/wp-json\/wp\/v2\/media?parent=8175"}],"wp:term":[{"taxonomy":"product_brand","embeddable":true,"href":"https:\/\/alfa-solution.com\/tr\/wp-json\/wp\/v2\/product_brand?post=8175"},{"taxonomy":"product_cat","embeddable":true,"href":"https:\/\/alfa-solution.com\/tr\/wp-json\/wp\/v2\/product_cat?post=8175"},{"taxonomy":"product_tag","embeddable":true,"href":"https:\/\/alfa-solution.com\/tr\/wp-json\/wp\/v2\/product_tag?post=8175"}],"curies":[{"name":"wp","href":"https:\/\/api.w.org\/{rel}","templated":true}]}}