{"id":8171,"date":"2025-09-12T10:44:05","date_gmt":"2025-09-12T08:44:05","guid":{"rendered":"https:\/\/alfa-solution.com\/?post_type=product&#038;p=8171"},"modified":"2025-09-12T10:46:36","modified_gmt":"2025-09-12T08:46:36","slug":"m18-yakit-3-5-mm-surekli-zimba","status":"publish","type":"product","link":"https:\/\/alfa-solution.com\/tr\/termek\/m18-fuel-3-5-mm-folyamatos-lyukaszto\/","title":{"rendered":"M18 FUEL\u2122 3,5 MM S\u00dcREKLI ZIMBA"},"content":{"rendered":"<ul class=\"ProductFeaturesTextstyles__FeatureList-sc-fxqvf2-1 gUBLmt\">\n<li class=\"ProductFeaturesTextstyles__Feature-sc-fxqvf2-3 fBfFsn\">Pille \u00e7al\u0131\u015fan ve 3,5 mm kal\u0131nl\u0131\u011fa kadar yumu\u015fak \u00e7elik, 2,8 mm kal\u0131nl\u0131\u011fa kadar paslanmaz \u00e7elik ve 3,8 mm kal\u0131nl\u0131\u011fa kadar al\u00fcminyum kesebilen ilk s\u00fcrekli z\u0131mba<\/li>\n<li class=\"ProductFeaturesTextstyles__Feature-sc-fxqvf2-3 fBfFsn\">Kablolu modellerden bile daha iyi performans g\u00f6steren, s\u0131n\u0131f\u0131n\u0131n en h\u0131zl\u0131 kesen s\u00fcrekli z\u0131mbas\u0131<\/li>\n<li class=\"ProductFeaturesTextstyles__Feature-sc-fxqvf2-3 fBfFsn\">Her t\u00fcrl\u00fc malzeme \u00fczerinde maksimum kontrol: 4 h\u0131z modu ve kademesiz h\u0131z kontrol anahtar\u0131 - paslanmaz \u00e7elik ve al\u00fcminyum i\u00e7in ideal.<\/li>\n<li class=\"ProductFeaturesTextstyles__Feature-sc-fxqvf2-3 fBfFsn\">Aletsiz, 360\u00b0 d\u00f6nebilen kesme y\u00f6n\u00fc<\/li>\n<li class=\"ProductFeaturesTextstyles__Feature-sc-fxqvf2-3 fBfFsn\">Aletsiz kesici u\u00e7 ve z\u0131mba de\u011fi\u015fimi<\/li>\n<li class=\"ProductFeaturesTextstyles__Feature-sc-fxqvf2-3 fBfFsn\">ONE-KEY\u2122 Cihaz Takibi ve G\u00fcvenli\u011fi, cihazlar\u0131n\u0131z i\u00e7in \u00fccretsiz bir bulut tabanl\u0131 takip a\u011f\u0131 ve izleme platformu sunar. ONE-KEY\u2122 ayr\u0131ca uzaktan ara\u00e7 kilitleme i\u015flevine de sahiptir.<\/li>\n<li class=\"ProductFeaturesTextstyles__Feature-sc-fxqvf2-3 fBfFsn\">Temiz bir \u00e7al\u0131\u015fma ortam\u0131 i\u00e7in tala\u015f torbas\u0131<\/li>\n<li class=\"ProductFeaturesTextstyles__Feature-sc-fxqvf2-3 fBfFsn\">LED \u0131\u015f\u0131k, daha iyi g\u00f6r\u00fcn\u00fcrl\u00fck i\u00e7in \u00e7al\u0131\u015fma alan\u0131n\u0131 ayd\u0131nlat\u0131r<\/li>\n<li class=\"ProductFeaturesTextstyles__Feature-sc-fxqvf2-3 fBfFsn\">Titre\u015fim \u00f6nleyici ek tutamak titre\u015fimi azalt\u0131r<\/li>\n<li class=\"ProductFeaturesTextstyles__Feature-sc-fxqvf2-3 fBfFsn\">Dahili kemer klipsi ve kemer tutucu<\/li>\n<li class=\"ProductFeaturesTextstyles__Feature-sc-fxqvf2-3 fBfFsn\">FUEL\u2122 platformumuzun DNA's\u0131 kablosuz teknolojinin dengesini yeniden tan\u0131ml\u0131yor. MILWAUKEE\u00ae POWERSTATE\u2122 f\u0131r\u00e7as\u0131z motor, REDLITHIUM\u2122 pil ve REDLINK PLUS\u2122 ak\u0131ll\u0131 elektronikler e\u015fsiz performans, \u00e7al\u0131\u015fma s\u00fcresi ve dayan\u0131kl\u0131l\u0131k sunar.<\/li>\n<li class=\"ProductFeaturesTextstyles__Feature-sc-fxqvf2-3 fBfFsn\">Esnek ak\u00fc sistemi - MILWAUKEE\u00ae M18\u2122 ak\u00fclerle \u00e7al\u0131\u015f\u0131r<\/li>\n<\/ul>","protected":false},"excerpt":{"rendered":"<p>Az els\u0151 akkumul\u00e1toros folyamatos lyukaszt\u00f3, amely maxim\u00e1lisan 3,5 mm vastag l\u00e1gyac\u00e9l, 2,8 mm vastag rozsdamentes ac\u00e9l \u00e9s 3,8 mm vastag alum\u00ednium v\u00e1g\u00e1s\u00e1ra k\u00e9pes A kateg\u00f3ri\u00e1j\u00e1ban leggyorsabb v\u00e1g\u00e1st biztos\u00edt\u00f3 folyamatos lyukaszt\u00f3, amely teljes\u00edtm\u00e9nyben fel\u00fclm\u00falja a vezet\u00e9kes modelleket is Maxim\u00e1lis ir\u00e1ny\u00edt\u00e1s b\u00e1rmilyen anyag eset\u00e9n: 4 fokozat\u00fa sebess\u00e9gm\u00f3d \u00e9s fokozatmentes sebess\u00e9gszab\u00e1lyz\u00f3 kapcsol\u00f3 \u2013 ide\u00e1lis rozsdamentes ac\u00e9lhoz \u00e9s alum\u00edniumhoz. [&hellip;]<\/p>\n","protected":false},"featured_media":8173,"template":"","meta":{"_seopress_robots_primary_cat":"","_seopress_titles_title":"","_seopress_titles_desc":"","_seopress_robots_index":""},"product_brand":[],"product_cat":[144],"product_tag":[],"class_list":{"0":"post-8171","1":"product","2":"type-product","3":"status-publish","4":"has-post-thumbnail","6":"product_cat-szerszamok","8":"first","9":"instock","10":"shipping-taxable","11":"purchasable","12":"product-type-simple"},"_links":{"self":[{"href":"https:\/\/alfa-solution.com\/tr\/wp-json\/wp\/v2\/product\/8171","targetHints":{"allow":["GET"]}}],"collection":[{"href":"https:\/\/alfa-solution.com\/tr\/wp-json\/wp\/v2\/product"}],"about":[{"href":"https:\/\/alfa-solution.com\/tr\/wp-json\/wp\/v2\/types\/product"}],"wp:featuredmedia":[{"embeddable":true,"href":"https:\/\/alfa-solution.com\/tr\/wp-json\/wp\/v2\/media\/8173"}],"wp:attachment":[{"href":"https:\/\/alfa-solution.com\/tr\/wp-json\/wp\/v2\/media?parent=8171"}],"wp:term":[{"taxonomy":"product_brand","embeddable":true,"href":"https:\/\/alfa-solution.com\/tr\/wp-json\/wp\/v2\/product_brand?post=8171"},{"taxonomy":"product_cat","embeddable":true,"href":"https:\/\/alfa-solution.com\/tr\/wp-json\/wp\/v2\/product_cat?post=8171"},{"taxonomy":"product_tag","embeddable":true,"href":"https:\/\/alfa-solution.com\/tr\/wp-json\/wp\/v2\/product_tag?post=8171"}],"curies":[{"name":"wp","href":"https:\/\/api.w.org\/{rel}","templated":true}]}}