{"id":9,"date":"2025-07-15T13:59:31","date_gmt":"2025-07-15T11:59:31","guid":{"rendered":"https:\/\/alfa-solution.com\/kosar\/"},"modified":"2025-09-12T10:33:36","modified_gmt":"2025-09-12T08:33:36","slug":"kosar","status":"publish","type":"page","link":"https:\/\/alfa-solution.com\/tr\/kosar\/","title":{"rendered":"Kos\u00e1r"},"content":{"rendered":"<div data-block-name=\"woocommerce\/cart\" class=\"wp-block-woocommerce-cart alignwide is-loading\">\n<div data-block-name=\"woocommerce\/filled-cart-block\" class=\"wp-block-woocommerce-filled-cart-block\">\n<div data-block-name=\"woocommerce\/cart-items-block\" class=\"wp-block-woocommerce-cart-items-block\">\n<div data-block-name=\"woocommerce\/cart-line-items-block\" class=\"wp-block-woocommerce-cart-line-items-block\"><\/div>\n\n\n\n<div data-block-name=\"woocommerce\/cart-cross-sells-block\" class=\"wp-block-woocommerce-cart-cross-sells-block\">\n<h2 class=\"wp-block-heading has-large-font-size\">Bunlar ilginizi \u00e7ekebilir...<\/h2>\n\n\n\n<div data-block-name=\"woocommerce\/cart-cross-sells-products-block\" class=\"wp-block-woocommerce-cart-cross-sells-products-block\"><\/div>\n<\/div>\n<\/div>\n\n\n\n<div data-block-name=\"woocommerce\/cart-totals-block\" class=\"wp-block-woocommerce-cart-totals-block\">\n<div data-block-name=\"woocommerce\/cart-order-summary-block\" class=\"wp-block-woocommerce-cart-order-summary-block\">\n<div data-block-name=\"woocommerce\/cart-order-summary-heading-block\" class=\"wp-block-woocommerce-cart-order-summary-heading-block\"><\/div><div data-block-name=\"woocommerce\/cart-order-summary-coupon-form-block\" class=\"wp-block-woocommerce-cart-order-summary-coupon-form-block\"><\/div><div data-block-name=\"woocommerce\/cart-order-summary-totals-block\" class=\"wp-block-woocommerce-cart-order-summary-totals-block\">\n<div data-block-name=\"woocommerce\/cart-order-summary-subtotal-block\" class=\"wp-block-woocommerce-cart-order-summary-subtotal-block\"><\/div>\n<div data-block-name=\"woocommerce\/cart-order-summary-discount-block\" class=\"wp-block-woocommerce-cart-order-summary-discount-block\"><\/div>\n<div data-block-name=\"woocommerce\/cart-order-summary-fee-block\" class=\"wp-block-woocommerce-cart-order-summary-fee-block\"><\/div>\n<div data-block-name=\"woocommerce\/cart-order-summary-shipping-block\" class=\"wp-block-woocommerce-cart-order-summary-shipping-block\"><\/div>\n<div data-block-name=\"woocommerce\/cart-order-summary-taxes-block\" class=\"wp-block-woocommerce-cart-order-summary-taxes-block\"><\/div><\/div>\n<\/div>\n\n\n\n<div data-block-name=\"woocommerce\/cart-express-payment-block\" class=\"wp-block-woocommerce-cart-express-payment-block\"><\/div>\n\n\n\n<div data-block-name=\"woocommerce\/proceed-to-checkout-block\" class=\"wp-block-woocommerce-proceed-to-checkout-block\"><\/div>\n\n\n\n<div data-block-name=\"woocommerce\/cart-accepted-payment-methods-block\" class=\"wp-block-woocommerce-cart-accepted-payment-methods-block\"><\/div>\n<\/div>\n<\/div>\n\n\n\n<div data-block-name=\"woocommerce\/empty-cart-block\" class=\"wp-block-woocommerce-empty-cart-block\">\n<h2 class=\"wp-block-heading has-text-align-center with-empty-cart-icon wc-block-cart__empty-cart__title\">Sepetiniz \u015fu anda bo\u015f.<\/h2>\n\n\n\n<hr class=\"wp-block-separator has-alpha-channel-opacity is-style-dots\"\/>\n\n\n\n<h2 class=\"wp-block-heading has-text-align-center\">Yenilikler<\/h2>\n\n\n<div data-block-name=\"woocommerce\/product-new\" data-columns=\"4\" data-rows=\"1\" class=\"wc-block-grid wp-block-product-new wp-block-woocommerce-product-new wc-block-product-new has-4-columns\"><ul class=\"wc-block-grid__products\"><li class=\"wc-block-grid__product\">\n\t\t\t\t<a href=\"https:\/\/alfa-solution.com\/tr\/termek\/mx-fuel-hatizsakrendszer-akkumulatorhoz\/\" class=\"wc-block-grid__product-link\">\n\t\t\t\t\t\n\t\t\t\t\t<div class=\"wc-block-grid__product-image\"><img fetchpriority=\"high\" decoding=\"async\" width=\"300\" height=\"300\" src=\"https:\/\/alfa-solution.com\/wp-content\/uploads\/2025\/09\/MXF_PBE-0-Hero_1.jpg-300x300.webp\" class=\"attachment-woocommerce_thumbnail size-woocommerce_thumbnail\" alt=\"AK\u00dc I\u00c7IN MX FUEL\u2122 SIRT \u00c7ANTASI SISTEMI\" srcset=\"https:\/\/alfa-solution.com\/wp-content\/uploads\/2025\/09\/MXF_PBE-0-Hero_1.jpg-300x300.webp 300w, https:\/\/alfa-solution.com\/wp-content\/uploads\/2025\/09\/MXF_PBE-0-Hero_1.jpg-1024x1024.webp 1024w, https:\/\/alfa-solution.com\/wp-content\/uploads\/2025\/09\/MXF_PBE-0-Hero_1.jpg-150x150.webp 150w, https:\/\/alfa-solution.com\/wp-content\/uploads\/2025\/09\/MXF_PBE-0-Hero_1.jpg-768x768.webp 768w, https:\/\/alfa-solution.com\/wp-content\/uploads\/2025\/09\/MXF_PBE-0-Hero_1.jpg-1536x1536.webp 1536w, https:\/\/alfa-solution.com\/wp-content\/uploads\/2025\/09\/MXF_PBE-0-Hero_1.jpg-2048x2048.webp 2048w, https:\/\/alfa-solution.com\/wp-content\/uploads\/2025\/09\/MXF_PBE-0-Hero_1.jpg-12x12.webp 12w, https:\/\/alfa-solution.com\/wp-content\/uploads\/2025\/09\/MXF_PBE-0-Hero_1.jpg-400x400.webp 400w, https:\/\/alfa-solution.com\/wp-content\/uploads\/2025\/09\/MXF_PBE-0-Hero_1.jpg-600x600.webp 600w, https:\/\/alfa-solution.com\/wp-content\/uploads\/2025\/09\/MXF_PBE-0-Hero_1.jpg-100x100.webp 100w\" sizes=\"(max-width: 300px) 100vw, 300px\" \/><\/div>\n\t\t\t\t\t<div class=\"wc-block-grid__product-title\">AK\u00dc I\u00c7IN MX FUEL\u2122 SIRT \u00c7ANTASI SISTEMI<\/div>\n\t\t\t\t<\/a>\n\t\t\t\t<div class=\"wc-block-grid__product-price price\"><span class=\"woocommerce-Price-amount amount\">79 990&nbsp;<span class=\"woocommerce-Price-currencySymbol\">&#070;&#116;<\/span><\/span><\/div>\n\t\t\t\t\n\t\t\t\t<div class=\"wp-block-button wc-block-grid__product-add-to-cart\"><a href=\"\/tr\/wp-json\/wp\/v2\/pages\/9?add-to-cart=8178\" aria-label=\"Sepete ekle: \u201cMX FUEL\u2122 H\u00c1TIZS\u00c1KRENDSZER AKKUMUL\u00c1TORHOZ\u201d\" data-quantity=\"1\" data-product_id=\"8178\" data-product_sku=\"\" data-price=\"79990\" rel=\"nofollow\" class=\"wp-block-button__link  add_to_cart_button ajax_add_to_cart\" data-no-translation=\"\" data-trp-gettext=\"\" data-no-translation-aria-label=\"\">Sepete Ekle<\/a><\/div>\n\t\t\t<\/li><li class=\"wc-block-grid__product\">\n\t\t\t\t<a href=\"https:\/\/alfa-solution.com\/tr\/termek\/m18-fuel-nagy-teljesitmenyu-4-fokozatu-32-mm-sds-plus-kalapacs-one-key-funkcioval-es-fixtec-tokmannyal\/\" class=\"wc-block-grid__product-link\">\n\t\t\t\t\t\n\t\t\t\t\t<div class=\"wc-block-grid__product-image\"><img decoding=\"async\" width=\"300\" height=\"300\" src=\"https:\/\/alfa-solution.com\/wp-content\/uploads\/2025\/09\/M18_ONEFHPX-802X-Hero_1.jpg-300x300.webp\" class=\"attachment-woocommerce_thumbnail size-woocommerce_thumbnail\" alt=\"M18 FUEL\u2122 TEK TU\u015e\u2122 FONKSIYONLU VE FIXTEC\u2122 SAPLI A\u011eIR HIZMET TIPI 4 KADEMELI 32 MM SDS-PLUS \u00c7EKI\u00c7\" srcset=\"https:\/\/alfa-solution.com\/wp-content\/uploads\/2025\/09\/M18_ONEFHPX-802X-Hero_1.jpg-300x300.webp 300w, https:\/\/alfa-solution.com\/wp-content\/uploads\/2025\/09\/M18_ONEFHPX-802X-Hero_1.jpg-1024x1024.webp 1024w, https:\/\/alfa-solution.com\/wp-content\/uploads\/2025\/09\/M18_ONEFHPX-802X-Hero_1.jpg-150x150.webp 150w, https:\/\/alfa-solution.com\/wp-content\/uploads\/2025\/09\/M18_ONEFHPX-802X-Hero_1.jpg-768x768.webp 768w, https:\/\/alfa-solution.com\/wp-content\/uploads\/2025\/09\/M18_ONEFHPX-802X-Hero_1.jpg-1536x1536.webp 1536w, https:\/\/alfa-solution.com\/wp-content\/uploads\/2025\/09\/M18_ONEFHPX-802X-Hero_1.jpg-2048x2048.webp 2048w, https:\/\/alfa-solution.com\/wp-content\/uploads\/2025\/09\/M18_ONEFHPX-802X-Hero_1.jpg-12x12.webp 12w, https:\/\/alfa-solution.com\/wp-content\/uploads\/2025\/09\/M18_ONEFHPX-802X-Hero_1.jpg-400x400.webp 400w, https:\/\/alfa-solution.com\/wp-content\/uploads\/2025\/09\/M18_ONEFHPX-802X-Hero_1.jpg-600x600.webp 600w, https:\/\/alfa-solution.com\/wp-content\/uploads\/2025\/09\/M18_ONEFHPX-802X-Hero_1.jpg-100x100.webp 100w\" sizes=\"(max-width: 300px) 100vw, 300px\" \/><\/div>\n\t\t\t\t\t<div class=\"wc-block-grid__product-title\">M18 FUEL\u2122 TEK TU\u015e\u2122 FONKSIYONLU VE FIXTEC\u2122 SAPLI A\u011eIR HIZMET TIPI 4 KADEMELI 32 MM SDS-PLUS \u00c7EKI\u00c7<\/div>\n\t\t\t\t<\/a>\n\t\t\t\t<div class=\"wc-block-grid__product-price price\"><span class=\"woocommerce-Price-amount amount\">89 999&nbsp;<span class=\"woocommerce-Price-currencySymbol\">&#070;&#116;<\/span><\/span><\/div>\n\t\t\t\t\n\t\t\t\t<div class=\"wp-block-button wc-block-grid__product-add-to-cart\"><a href=\"\/tr\/wp-json\/wp\/v2\/pages\/9?add-to-cart=8175\" aria-label=\"Sepete ekle: \u201cM18 FUEL\u2122 NAGY TELJES\u00cdTM\u00c9NY\u0170 4 FOKOZAT\u00da 32 MM SDS-PLUS KALAP\u00c1CS ONE-KEY\u2122 FUNKCI\u00d3VAL \u00c9S FIXTEC\u2122 TOKM\u00c1NNYAL\u201d\" data-quantity=\"1\" data-product_id=\"8175\" data-product_sku=\"\" data-price=\"89999\" rel=\"nofollow\" class=\"wp-block-button__link  add_to_cart_button ajax_add_to_cart\" data-no-translation=\"\" data-trp-gettext=\"\" data-no-translation-aria-label=\"\">Sepete Ekle<\/a><\/div>\n\t\t\t<\/li><li class=\"wc-block-grid__product\">\n\t\t\t\t<a href=\"https:\/\/alfa-solution.com\/tr\/termek\/m18-fuel-3-5-mm-folyamatos-lyukaszto\/\" class=\"wc-block-grid__product-link\">\n\t\t\t\t\t\n\t\t\t\t\t<div class=\"wc-block-grid__product-image\"><img decoding=\"async\" width=\"300\" height=\"300\" src=\"https:\/\/alfa-solution.com\/wp-content\/uploads\/2025\/09\/M18_FNB35-502X-Hero_1.jpg-300x300.webp\" class=\"attachment-woocommerce_thumbnail size-woocommerce_thumbnail\" alt=\"M18 FUEL\u2122 3,5 MM S\u00dcREKLI ZIMBA\" srcset=\"https:\/\/alfa-solution.com\/wp-content\/uploads\/2025\/09\/M18_FNB35-502X-Hero_1.jpg-300x300.webp 300w, https:\/\/alfa-solution.com\/wp-content\/uploads\/2025\/09\/M18_FNB35-502X-Hero_1.jpg-1024x1024.webp 1024w, https:\/\/alfa-solution.com\/wp-content\/uploads\/2025\/09\/M18_FNB35-502X-Hero_1.jpg-150x150.webp 150w, https:\/\/alfa-solution.com\/wp-content\/uploads\/2025\/09\/M18_FNB35-502X-Hero_1.jpg-768x768.webp 768w, https:\/\/alfa-solution.com\/wp-content\/uploads\/2025\/09\/M18_FNB35-502X-Hero_1.jpg-1536x1536.webp 1536w, https:\/\/alfa-solution.com\/wp-content\/uploads\/2025\/09\/M18_FNB35-502X-Hero_1.jpg-2048x2048.webp 2048w, https:\/\/alfa-solution.com\/wp-content\/uploads\/2025\/09\/M18_FNB35-502X-Hero_1.jpg-12x12.webp 12w, https:\/\/alfa-solution.com\/wp-content\/uploads\/2025\/09\/M18_FNB35-502X-Hero_1.jpg-400x400.webp 400w, https:\/\/alfa-solution.com\/wp-content\/uploads\/2025\/09\/M18_FNB35-502X-Hero_1.jpg-600x600.webp 600w, https:\/\/alfa-solution.com\/wp-content\/uploads\/2025\/09\/M18_FNB35-502X-Hero_1.jpg-100x100.webp 100w\" sizes=\"(max-width: 300px) 100vw, 300px\" \/><\/div>\n\t\t\t\t\t<div class=\"wc-block-grid__product-title\">M18 FUEL\u2122 3,5 MM S\u00dcREKLI ZIMBA<\/div>\n\t\t\t\t<\/a>\n\t\t\t\t<div class=\"wc-block-grid__product-price price\"><span class=\"woocommerce-Price-amount amount\">99 999&nbsp;<span class=\"woocommerce-Price-currencySymbol\">&#070;&#116;<\/span><\/span><\/div>\n\t\t\t\t\n\t\t\t\t<div class=\"wp-block-button wc-block-grid__product-add-to-cart\"><a href=\"\/tr\/wp-json\/wp\/v2\/pages\/9?add-to-cart=8171\" aria-label=\"Sepete ekle: \u201cM18 FUEL\u2122 3.5 MM FOLYAMATOS LYUKASZT\u00d3\u201d\" data-quantity=\"1\" data-product_id=\"8171\" data-product_sku=\"\" data-price=\"99999\" rel=\"nofollow\" class=\"wp-block-button__link  add_to_cart_button ajax_add_to_cart\" data-no-translation=\"\" data-trp-gettext=\"\" data-no-translation-aria-label=\"\">Sepete Ekle<\/a><\/div>\n\t\t\t<\/li><\/ul><\/div><\/div>\n<\/div>","protected":false},"excerpt":{"rendered":"","protected":false},"author":1,"featured_media":0,"parent":0,"menu_order":0,"comment_status":"closed","ping_status":"closed","template":"","meta":{"_seopress_robots_primary_cat":"","_seopress_titles_title":"","_seopress_titles_desc":"","_seopress_robots_index":"","footnotes":""},"class_list":["post-9","page","type-page","status-publish","hentry"],"_links":{"self":[{"href":"https:\/\/alfa-solution.com\/tr\/wp-json\/wp\/v2\/pages\/9","targetHints":{"allow":["GET"]}}],"collection":[{"href":"https:\/\/alfa-solution.com\/tr\/wp-json\/wp\/v2\/pages"}],"about":[{"href":"https:\/\/alfa-solution.com\/tr\/wp-json\/wp\/v2\/types\/page"}],"author":[{"embeddable":true,"href":"https:\/\/alfa-solution.com\/tr\/wp-json\/wp\/v2\/users\/1"}],"replies":[{"embeddable":true,"href":"https:\/\/alfa-solution.com\/tr\/wp-json\/wp\/v2\/comments?post=9"}],"version-history":[{"count":1,"href":"https:\/\/alfa-solution.com\/tr\/wp-json\/wp\/v2\/pages\/9\/revisions"}],"predecessor-version":[{"id":7781,"href":"https:\/\/alfa-solution.com\/tr\/wp-json\/wp\/v2\/pages\/9\/revisions\/7781"}],"wp:attachment":[{"href":"https:\/\/alfa-solution.com\/tr\/wp-json\/wp\/v2\/media?parent=9"}],"curies":[{"name":"wp","href":"https:\/\/api.w.org\/{rel}","templated":true}]}}